{"id":14,"date":"2025-06-07T15:44:02","date_gmt":"2025-06-07T13:44:02","guid":{"rendered":"https:\/\/www.filambule.fr\/?page_id=14"},"modified":"2025-10-12T21:11:59","modified_gmt":"2025-10-12T19:11:59","slug":"accueil","status":"publish","type":"page","link":"https:\/\/www.filambule.fr\/","title":{"rendered":"Accueil"},"content":{"rendered":"\n<div class=\"wp-block-cover alignfull is-light hestia-clear-top-padding\"><span aria-hidden=\"true\" class=\"wp-block-cover__background has-white-background-color has-background-dim-100 has-background-dim\"><\/span><div class=\"wp-block-cover__inner-container is-layout-flow wp-block-cover-is-layout-flow\">\n<div style=\"height:40px\" aria-hidden=\"true\" class=\"wp-block-spacer\"><\/div>\n\n\n\n<div class=\"wp-block-columns container is-layout-flex wp-container-core-columns-is-layout-28f84493 wp-block-columns-is-layout-flex\">\n<div class=\"wp-block-column is-layout-flow wp-block-column-is-layout-flow\"><div class=\"wp-block-image is-style-rounded\">\n<figure class=\"aligncenter size-large\"><img decoding=\"async\" src=\"https:\/\/www.filambule.fr\/wp-content\/themes\/hestia\/assets\/img\/feat1.png\" alt=\"\" class=\"wp-image-70\"\/><\/figure>\n<\/div>\n\n\n<h6 class=\"wp-block-heading has-text-align-center has-text-color\" style=\"color:#3c4858;font-size:18px\"><strong>Cr\u00e9ativit\u00e9<\/strong><\/h6>\n\n\n\n<p class=\"has-text-align-center has-text-color\" style=\"color:#999999;font-size:14px\">La transmission du beau et du sensible<\/p>\n\n\n\n<div style=\"height:25px\" aria-hidden=\"true\" class=\"wp-block-spacer\"><\/div>\n<\/div>\n\n\n\n<div class=\"wp-block-column is-layout-flow wp-block-column-is-layout-flow\"><div class=\"wp-block-image is-style-rounded\">\n<figure class=\"aligncenter size-large\"><img decoding=\"async\" src=\"https:\/\/www.filambule.fr\/wp-content\/themes\/hestia\/assets\/img\/feat2.png\" alt=\"\" class=\"wp-image-71\"\/><\/figure>\n<\/div>\n\n\n<h5 class=\"wp-block-heading has-text-align-center has-text-color\" style=\"color:#3c4858;font-size:18px\">Personnalisation<\/h5>\n\n\n\n<p class=\"has-text-align-center has-text-color\" style=\"color:#999999;font-size:14px\">Couleurs et dimensions adapt\u00e9es \u00e0 vos envies<\/p>\n\n\n\n<div style=\"height:25px\" aria-hidden=\"true\" class=\"wp-block-spacer\"><\/div>\n<\/div>\n\n\n\n<div class=\"wp-block-column is-layout-flow wp-block-column-is-layout-flow\">\n<div class=\"wp-block-columns is-layout-flex wp-container-core-columns-is-layout-28f84493 wp-block-columns-is-layout-flex\">\n<div class=\"wp-block-column is-layout-flow wp-block-column-is-layout-flow\" style=\"flex-basis:100%\"><div class=\"wp-block-image is-style-rounded\">\n<figure class=\"aligncenter size-large\"><img decoding=\"async\" src=\"https:\/\/www.filambule.fr\/wp-content\/themes\/hestia\/assets\/img\/feat3.png\" alt=\"\" class=\"wp-image-72\"\/><\/figure>\n<\/div><\/div>\n<\/div>\n\n\n\n<h5 class=\"wp-block-heading has-text-align-center has-text-color\" style=\"color:#3c4858;font-size:18px\">Handmade<\/h5>\n\n\n\n<p class=\"has-text-align-center has-text-color\" style=\"color:#999999;font-size:14px\">Respect des mati\u00e8res et du temps n\u00e9cessaire<\/p>\n\n\n\n<div style=\"height:25px\" aria-hidden=\"true\" class=\"wp-block-spacer\"><\/div>\n<\/div>\n<\/div>\n\n\n\n<div style=\"height:40px\" aria-hidden=\"true\" class=\"wp-block-spacer\"><\/div>\n<\/div><\/div>\n\n\n\n<div class=\"wp-block-columns container is-layout-flex wp-container-core-columns-is-layout-28f84493 wp-block-columns-is-layout-flex\">\n<div class=\"wp-block-column col-md-5 is-layout-flow wp-block-column-is-layout-flow\">\n<div style=\"height:55px\" aria-hidden=\"true\" class=\"wp-block-spacer\"><\/div>\n\n\n\n<h2 class=\"wp-block-heading\">Pourquoi \u00ab\u00a0Filambule\u00a0\u00bb ?<\/h2>\n\n\n\n<p><strong>Filambule<\/strong>, c\u2019est la rencontre entre le <strong>fil<\/strong> du crochet et le <strong>funambule<\/strong>, cet artiste en \u00e9quilibre sur un fil.<\/p>\n\n\n\n<p class=\"has-text-align-left\">Ce nom est n\u00e9 d&rsquo;un ressenti : la vie est comme un fil, parfois fragile, parfois tendu, sur lequel j&rsquo;avance chaque jour en tentant de garder l&rsquo;\u00e9quilibre. Le crochet est une mani\u00e8re pour moi de contribuer \u00e0 maintenir cette recherche constante de stabilit\u00e9 : un geste lent et cr\u00e9atif qui me recentre et qui m&rsquo;apaise.<\/p>\n\n\n\n<p class=\"has-text-align-left\">\u00c0 travers Filambule, je tisse bien plus que des mailles, j&rsquo;enchaine des moments de calme int\u00e9rieur et de pr\u00e9sence.<\/p>\n\n\n\n<p class=\"has-text-align-left\">Chaque cr\u00e9ation est un petit pas sur ce fil invisible qui me reconnecte \u00e0 l&rsquo;instant, et qui me relie aussi \u00e0 vous \ud83d\ude42<\/p>\n\n\n\n<p><\/p>\n<\/div>\n\n\n\n<div class=\"wp-block-column col-md-6 col-md-offset1 is-layout-flow wp-block-column-is-layout-flow\">\n<div style=\"height:55px\" aria-hidden=\"true\" class=\"wp-block-spacer\"><\/div>\n\n\n\n<p><\/p>\n\n\n\n<figure class=\"wp-block-image size-large\"><img loading=\"lazy\" decoding=\"async\" width=\"2560\" height=\"2560\" src=\"https:\/\/www.filambule.fr\/wp-content\/uploads\/2025\/09\/IMG_20250509_141959-edited-scaled.jpg\" alt=\"\" class=\"wp-image-183\" srcset=\"https:\/\/www.filambule.fr\/wp-content\/uploads\/2025\/09\/IMG_20250509_141959-edited-scaled.jpg 2560w, https:\/\/www.filambule.fr\/wp-content\/uploads\/2025\/09\/IMG_20250509_141959-edited-300x300.jpg 300w, https:\/\/www.filambule.fr\/wp-content\/uploads\/2025\/09\/IMG_20250509_141959-edited-1024x1024.jpg 1024w, https:\/\/www.filambule.fr\/wp-content\/uploads\/2025\/09\/IMG_20250509_141959-edited-150x150.jpg 150w, https:\/\/www.filambule.fr\/wp-content\/uploads\/2025\/09\/IMG_20250509_141959-edited-768x768.jpg 768w, https:\/\/www.filambule.fr\/wp-content\/uploads\/2025\/09\/IMG_20250509_141959-edited-1536x1536.jpg 1536w, https:\/\/www.filambule.fr\/wp-content\/uploads\/2025\/09\/IMG_20250509_141959-edited-2048x2048.jpg 2048w, https:\/\/www.filambule.fr\/wp-content\/uploads\/2025\/09\/IMG_20250509_141959-edited-1320x1320.jpg 1320w, https:\/\/www.filambule.fr\/wp-content\/uploads\/2025\/09\/IMG_20250509_141959-edited-600x600.jpg 600w, https:\/\/www.filambule.fr\/wp-content\/uploads\/2025\/09\/IMG_20250509_141959-edited-160x160.jpg 160w\" sizes=\"auto, (max-width: 2560px) 100vw, 2560px\" \/><\/figure>\n<\/div>\n<\/div>\n\n\n\n<p><\/p>\n","protected":false},"excerpt":{"rendered":"<p>Pourquoi \u00ab\u00a0Filambule\u00a0\u00bb ? Filambule, c\u2019est la rencontre entre le fil du crochet et le funambule, cet artiste en \u00e9quilibre sur un fil. Ce nom est n\u00e9 d&rsquo;un ressenti : la vie est comme un fil, parfois fragile, parfois tendu, sur lequel j&rsquo;avance chaque jour en tentant de garder l&rsquo;\u00e9quilibre. Le [&hellip;]<\/p>\n","protected":false},"author":1,"featured_media":0,"parent":0,"menu_order":0,"comment_status":"closed","ping_status":"closed","template":"","meta":{"footnotes":""},"class_list":["post-14","page","type-page","status-publish","hentry"],"_links":{"self":[{"href":"https:\/\/www.filambule.fr\/index.php?rest_route=\/wp\/v2\/pages\/14","targetHints":{"allow":["GET"]}}],"collection":[{"href":"https:\/\/www.filambule.fr\/index.php?rest_route=\/wp\/v2\/pages"}],"about":[{"href":"https:\/\/www.filambule.fr\/index.php?rest_route=\/wp\/v2\/types\/page"}],"author":[{"embeddable":true,"href":"https:\/\/www.filambule.fr\/index.php?rest_route=\/wp\/v2\/users\/1"}],"replies":[{"embeddable":true,"href":"https:\/\/www.filambule.fr\/index.php?rest_route=%2Fwp%2Fv2%2Fcomments&post=14"}],"version-history":[{"count":41,"href":"https:\/\/www.filambule.fr\/index.php?rest_route=\/wp\/v2\/pages\/14\/revisions"}],"predecessor-version":[{"id":195,"href":"https:\/\/www.filambule.fr\/index.php?rest_route=\/wp\/v2\/pages\/14\/revisions\/195"}],"wp:attachment":[{"href":"https:\/\/www.filambule.fr\/index.php?rest_route=%2Fwp%2Fv2%2Fmedia&parent=14"}],"curies":[{"name":"wp","href":"https:\/\/api.w.org\/{rel}","templated":true}]}}